{"id":8,"date":"2026-03-25T03:55:02","date_gmt":"2026-03-25T03:55:02","guid":{"rendered":"https:\/\/cleburnlcri.wpenginepowered.com\/?page_id=8"},"modified":"2026-05-12T16:26:58","modified_gmt":"2026-05-12T21:26:58","slug":"water-service-line-inspections","status":"publish","type":"page","link":"https:\/\/cleburnelcri.net\/","title":{"rendered":"Water Service Line Inspections"},"content":{"rendered":"<div class=\"fusion-fullwidth fullwidth-box fusion-builder-row-1 fusion-flex-container has-pattern-background has-mask-background nonhundred-percent-fullwidth non-hundred-percent-height-scrolling\" style=\"--awb-border-radius-top-left:0px;--awb-border-radius-top-right:0px;--awb-border-radius-bottom-right:0px;--awb-border-radius-bottom-left:0px;--awb-background-color:#ffffff;--awb-flex-wrap:wrap;\" ><div class=\"fusion-builder-row fusion-row fusion-flex-align-items-flex-start fusion-flex-content-wrap\" style=\"max-width:1248px;margin-left: calc(-4% \/ 2 );margin-right: calc(-4% \/ 2 );\"><div class=\"fusion-layout-column fusion_builder_column fusion-builder-column-0 fusion_builder_column_1_1 1_1 fusion-flex-column\" style=\"--awb-bg-size:cover;--awb-width-large:100%;--awb-margin-top-large:0px;--awb-spacing-right-large:1.92%;--awb-margin-bottom-large:20px;--awb-spacing-left-large:1.92%;--awb-width-medium:100%;--awb-order-medium:0;--awb-spacing-right-medium:1.92%;--awb-spacing-left-medium:1.92%;--awb-width-small:100%;--awb-order-small:0;--awb-spacing-right-small:1.92%;--awb-spacing-left-small:1.92%;\"><div class=\"fusion-column-wrapper fusion-column-has-shadow fusion-flex-justify-content-flex-start fusion-content-layout-column\"><div class=\"fusion-text fusion-text-1\"><h1>Cleburne Lead and Copper Rule Program<\/h1>\n<\/div><div class=\"fusion-alert alert custom alert-custom fusion-alert-center awb-alert-native-link-color\" style=\"--awb-background-color:#ffefd0;--awb-accent-color:var(--awb-color1);--awb-border-size:1px;--awb-border-top-left-radius:0px;--awb-border-top-right-radius:0px;--awb-border-bottom-left-radius:0px;--awb-border-bottom-right-radius:0px;--awb-padding-top:10px;--awb-padding-right:10px;--awb-padding-bottom:10px;--awb-padding-left:10px;\" role=\"alert\"><div class=\"fusion-alert-content-wrapper\"><span class=\"fusion-alert-content\"><strong>Para espa\u00f1ol:\u00a0<\/strong>El bot\u00f3n de traducci\u00f3n para ver la informaci\u00f3n en espa\u00f1ol est\u00e1 disponible en la esquina inferior derecha de la p\u00e1gina.<\/span><\/div><\/div><div class=\"fusion-text fusion-text-2\"><p style=\"font-weight: 400;\">The Environmental Protection Agency (EPA) requires all water systems to comply with its Lead and Copper Rule Improvements (LCRI), including documenting the materials of water service lines that connect city water mains to homes and businesses. The City of Cleburne is committed to protecting the health and well-being of every household and is actively working to complete these required inspections.<\/p>\n<p style=\"font-weight: 400;\"><strong>Cleburne\u2019s drinking water is safe. <\/strong>The City has monitored its water distribution system for lead for decades and remains fully compliant with all applicable state and federal standards. Water leaving the treatment plant does not contain lead. Learn more about the City\u2019s\u00a0<a href=\"https:\/\/www.cleburne.net\/1607\/Lead-and-Copper-Pipes-Rule\" target=\"_blank\" rel=\"noopener\" data-saferedirecturl=\"https:\/\/www.google.com\/url?q=https:\/\/www.cleburne.net\/1607\/22135\/Lead-and-Copper-Pipes-Rule&amp;source=gmail&amp;ust=1778089647758000&amp;usg=AOvVaw2rSR0Y_hzqI9EKwNhR-uAc\">LCRI efforts here.<\/a><\/p>\n<h3 style=\"text-align: center;\"><em>Results will be posted at the bottom of this page as data validation is completed.<\/em><\/h3>\n<\/div><div class=\"fusion-text fusion-text-3\"><h2>What To Expect<\/h2>\n<\/div><div class=\"fusion-video fusion-youtube\" style=\"--awb-max-width:600px;--awb-max-height:360px;--awb-align-self:center;--awb-width:100%;\"><div class=\"video-shortcode\"><div class=\"fluid-width-video-wrapper\" style=\"padding-top:60%;\" ><iframe title=\"YouTube video player 1\" src=\"https:\/\/www.youtube.com\/embed\/jhJvtMBCYeE?wmode=transparent&autoplay=0\" width=\"600\" height=\"360\" allowfullscreen allow=\"autoplay; clipboard-write; encrypted-media; gyroscope; picture-in-picture;\"><\/iframe><\/div><\/div><\/div><div class=\"fusion-text fusion-text-4\"><ul>\n<li>Most inspections occur at or near the water meter in the public right-of-way. Minor digging near the meter may be needed, but disturbed areas will be restored.<\/li>\n<li>No water service interruption is expected.<\/li>\n<li>Crews will use marked vehicles and carry proper ID.<\/li>\n<li>Crews will not enter private property without advance coordination.<\/li>\n<li>If lead or galvanized pipe requiring replacement is identified, the City will contact you with next steps.<\/li>\n<\/ul>\n<\/div><div class=\"fusion-text fusion-text-5\"><h2>City Inspections Timeline<\/h2>\n<p>Inspections will begin in Spring 2026, starting in the downtown Cleburne area and will extend outward toward the city limits. It is anticipated that the city-wide inspections will take approximately eight months to complete.<\/p>\n<div class=\"table-1\">\n<table width=\"100%\">\n<tbody>\n<tr>\n<td align=\"left\"><a href=\"\/wp-content\/uploads\/2026\/05\/Cleburne-Lead-and-Copper-Inventory-Inspections-Timeline-5-4-26.pdf\" target=\"_blank\" rel=\"noopener\">Timeline<\/a><\/td>\n<td align=\"left\"><a href=\"\/wp-content\/uploads\/2026\/04\/Figure-1-Overview.pdf\" target=\"_blank\" rel=\"noopener\">Overview<\/a><\/td>\n<\/tr>\n<tr>\n<td align=\"left\"><a href=\"\/wp-content\/uploads\/2026\/04\/Figure-2-Phase-1.pdf\" target=\"_blank\" rel=\"noopener\">Phase 1<\/a><\/td>\n<td align=\"left\"><a href=\"\/wp-content\/uploads\/2026\/04\/Figure-3-Phase-2.pdf\" target=\"_blank\" rel=\"noopener\">Phase 2<\/a><\/td>\n<\/tr>\n<tr>\n<td align=\"left\"><a href=\"\/wp-content\/uploads\/2026\/04\/Figure-4-Phase-3.pdf\" target=\"_blank\" rel=\"noopener\">Phase 3<\/a><\/td>\n<td align=\"left\"><a href=\"\/wp-content\/uploads\/2026\/04\/Figure-5-Phase-4.pdf\" target=\"_blank\" rel=\"noopener\">Phase 4<\/a><\/td>\n<\/tr>\n<tr>\n<td align=\"left\"><a href=\"\/wp-content\/uploads\/2026\/04\/Figure-6-Phase-5.pdf\" target=\"_blank\" rel=\"noopener\">Phase 5<\/a><\/td>\n<td align=\"left\"><a href=\"\/wp-content\/uploads\/2026\/04\/Figure-7-Phase-6.pdf\" target=\"_blank\" rel=\"noopener\">Phase 6<\/a><\/td>\n<\/tr>\n<\/tbody>\n<\/table>\n<\/div>\n<\/div><div class=\"fusion-separator fusion-full-width-sep\" style=\"align-self: center;margin-left: auto;margin-right: auto;margin-top:25px;width:100%;\"><\/div><div class=\"fusion-text fusion-text-6\"><h2>Inspection Findings<\/h2>\n<p>The City\u2019s engineering consultant, Carollo, will collect and analyze all inspection data. Once data validation is complete, if a lead or galvanized service line requiring replacement (GRR) is identified, customers will be notified, and the City will provide information on next steps and available resources.<\/p>\n<p>While the City does not anticipate finding many lead service lines, this inventory will ensure that, if any are identified, they will be documented and replaced. Replacing the home or business service line is typically the property owner\u2019s responsibility. However, the City plans to work with affected property owners to complete the replacement process and is actively pursuing federal and state grant opportunities with the goal of covering replacement costs for residents as funding becomes available.<\/p>\n<\/div><\/div><\/div><\/div><\/div>\n","protected":false},"excerpt":{"rendered":"","protected":false},"author":2,"featured_media":0,"parent":0,"menu_order":0,"comment_status":"closed","ping_status":"closed","template":"100-width.php","meta":{"footnotes":""},"class_list":["post-8","page","type-page","status-publish","hentry"],"_links":{"self":[{"href":"https:\/\/cleburnelcri.net\/index.php?rest_route=\/wp\/v2\/pages\/8","targetHints":{"allow":["GET"]}}],"collection":[{"href":"https:\/\/cleburnelcri.net\/index.php?rest_route=\/wp\/v2\/pages"}],"about":[{"href":"https:\/\/cleburnelcri.net\/index.php?rest_route=\/wp\/v2\/types\/page"}],"author":[{"embeddable":true,"href":"https:\/\/cleburnelcri.net\/index.php?rest_route=\/wp\/v2\/users\/2"}],"replies":[{"embeddable":true,"href":"https:\/\/cleburnelcri.net\/index.php?rest_route=%2Fwp%2Fv2%2Fcomments&post=8"}],"version-history":[{"count":0,"href":"https:\/\/cleburnelcri.net\/index.php?rest_route=\/wp\/v2\/pages\/8\/revisions"}],"wp:attachment":[{"href":"https:\/\/cleburnelcri.net\/index.php?rest_route=%2Fwp%2Fv2%2Fmedia&parent=8"}],"curies":[{"name":"wp","href":"https:\/\/api.w.org\/{rel}","templated":true}]}}